{"id":2301,"date":"2025-07-11T12:57:44","date_gmt":"2025-07-11T10:57:44","guid":{"rendered":"https:\/\/mimatest.net\/?page_id=2301"},"modified":"2025-12-10T18:55:57","modified_gmt":"2025-12-10T17:55:57","slug":"dokumentation","status":"publish","type":"page","link":"https:\/\/mimatest.net\/en\/dokumentation\/","title":{"rendered":"Documentation"},"content":{"rendered":"<div data-elementor-type=\"wp-page\" data-elementor-id=\"2301\" class=\"elementor elementor-2301\">\n\t\t\t\t<div class=\"elementor-element elementor-element-3209230 e-con-full e-flex e-con e-parent\" data-id=\"3209230\" data-element_type=\"container\" data-e-type=\"container\">\n\t\t\t\t<div class=\"elementor-element elementor-element-6b723ac elementor-widget elementor-widget-heading\" data-id=\"6b723ac\" data-element_type=\"widget\" data-e-type=\"widget\" data-widget_type=\"heading.default\">\n\t\t\t\t<div class=\"elementor-widget-container\">\n\t\t\t\t\t<h2 class=\"elementor-heading-title elementor-size-default\">Documentation<\/h2>\t\t\t\t<\/div>\n\t\t\t\t<\/div>\n\t\t\t\t<div class=\"elementor-element elementor-element-1c81a77 elementor-widget elementor-widget-n-accordion\" data-id=\"1c81a77\" data-element_type=\"widget\" data-e-type=\"widget\" data-settings=\"{&quot;default_state&quot;:&quot;all_collapsed&quot;,&quot;max_items_expended&quot;:&quot;multiple&quot;,&quot;n_accordion_animation_duration&quot;:{&quot;unit&quot;:&quot;ms&quot;,&quot;size&quot;:400,&quot;sizes&quot;:[]}}\" data-widget_type=\"nested-accordion.default\">\n\t\t\t\t<div class=\"elementor-widget-container\">\n\t\t\t\t\t\t\t<div class=\"e-n-accordion\" aria-label=\"Accordion. Open links with Enter or Space, close with Escape, and navigate with Arrow Keys\">\n\t\t\t\t\t\t<details id=\"e-n-accordion-item-2980\" class=\"e-n-accordion-item\" >\n\t\t\t\t<summary class=\"e-n-accordion-item-title\" data-accordion-index=\"1\" tabindex=\"0\" aria-expanded=\"false\" aria-controls=\"e-n-accordion-item-2980\" >\n\t\t\t\t\t<span class='e-n-accordion-item-title-header'><div class=\"e-n-accordion-item-title-text\"> Instructions for Blood Sample Collection <\/div><\/span>\n\t\t\t\t\t\t\t<span class='e-n-accordion-item-title-icon'>\n\t\t\t<span class='e-opened' ><i aria-hidden=\"true\" class=\"fas fa-minus\"><\/i><\/span>\n\t\t\t<span class='e-closed'><i aria-hidden=\"true\" class=\"fas fa-plus\"><\/i><\/span>\n\t\t<\/span>\n\n\t\t\t\t\t\t<\/summary>\n\t\t\t\t<div role=\"region\" aria-labelledby=\"e-n-accordion-item-2980\" class=\"elementor-element elementor-element-dd6e10c e-con-full e-flex e-con e-child\" data-id=\"dd6e10c\" data-element_type=\"container\" data-e-type=\"container\">\n\t\t\t\t<div class=\"elementor-element elementor-element-4d4952a elementor-align-start elementor-icon-list--layout-traditional elementor-list-item-link-full_width elementor-widget elementor-widget-icon-list\" data-id=\"4d4952a\" data-element_type=\"widget\" data-e-type=\"widget\" data-widget_type=\"icon-list.default\">\n\t\t\t\t<div class=\"elementor-widget-container\">\n\t\t\t\t\t\t\t<ul class=\"elementor-icon-list-items\">\n\t\t\t\t\t\t\t<li class=\"elementor-icon-list-item\">\n\t\t\t\t\t\t\t\t\t\t\t<a href=\"https:\/\/mimatest.net\/wp-content\/uploads\/2025\/09\/MimatestManual_DE_2025.pdf\" target=\"_blank\">\n\n\t\t\t\t\t\t\t\t\t\t\t<span class=\"elementor-icon-list-text\">Deutsch<\/span>\n\t\t\t\t\t\t\t\t\t\t\t<\/a>\n\t\t\t\t\t\t\t\t\t<\/li>\n\t\t\t\t\t\t\t\t<li class=\"elementor-icon-list-item\">\n\t\t\t\t\t\t\t\t\t\t<span class=\"elementor-icon-list-text\">English (Soon available)<\/span>\n\t\t\t\t\t\t\t\t\t<\/li>\n\t\t\t\t\t\t\t\t<li class=\"elementor-icon-list-item\">\n\t\t\t\t\t\t\t\t\t\t<span class=\"elementor-icon-list-text\">espa\u00f1ol (pronto disponible)<\/span>\n\t\t\t\t\t\t\t\t\t<\/li>\n\t\t\t\t\t\t\t\t<li class=\"elementor-icon-list-item\">\n\t\t\t\t\t\t\t\t\t\t<span class=\"elementor-icon-list-text\">fran\u00e7ais (bient\u00f4t disponible)<\/span>\n\t\t\t\t\t\t\t\t\t<\/li>\n\t\t\t\t\t\t\t\t<li class=\"elementor-icon-list-item\">\n\t\t\t\t\t\t\t\t\t\t<span class=\"elementor-icon-list-text\">italiano (presto disponibile)<\/span>\n\t\t\t\t\t\t\t\t\t<\/li>\n\t\t\t\t\t\t<\/ul>\n\t\t\t\t\t\t<\/div>\n\t\t\t\t<\/div>\n\t\t\t\t<\/div>\n\t\t\t\t\t<\/details>\n\t\t\t\t\t\t<details id=\"e-n-accordion-item-2981\" class=\"e-n-accordion-item\" >\n\t\t\t\t<summary class=\"e-n-accordion-item-title\" data-accordion-index=\"2\" tabindex=\"-1\" aria-expanded=\"false\" aria-controls=\"e-n-accordion-item-2981\" >\n\t\t\t\t\t<span class='e-n-accordion-item-title-header'><div class=\"e-n-accordion-item-title-text\"> Beispielberichte (Demn\u00e4chst verf\u00fcgbar) <\/div><\/span>\n\t\t\t\t\t\t\t<span class='e-n-accordion-item-title-icon'>\n\t\t\t<span class='e-opened' ><i aria-hidden=\"true\" class=\"fas fa-minus\"><\/i><\/span>\n\t\t\t<span class='e-closed'><i aria-hidden=\"true\" class=\"fas fa-plus\"><\/i><\/span>\n\t\t<\/span>\n\n\t\t\t\t\t\t<\/summary>\n\t\t\t\t<div role=\"region\" aria-labelledby=\"e-n-accordion-item-2981\" class=\"elementor-element elementor-element-1e0cc1e e-flex e-con-boxed e-con e-child\" data-id=\"1e0cc1e\" data-element_type=\"container\" data-e-type=\"container\">\n\t\t\t\t\t<div class=\"e-con-inner\">\n\t\t\t\t\t<\/div>\n\t\t\t\t<\/div>\n\t\t\t\t\t<\/details>\n\t\t\t\t\t<\/div>\n\t\t\t\t\t\t<\/div>\n\t\t\t\t<\/div>\n\t\t\t\t<\/div>\n\t\t\t\t<\/div>","protected":false},"excerpt":{"rendered":"<p>Dokumentation Anleitung zur Blutentnahme Deutsch English (Soon available) espa\u00f1ol (pronto disponible) fran\u00e7ais (bient\u00f4t disponible) italiano (presto disponibile) Beispielberichte (Demn\u00e4chst verf\u00fcgbar) [&hellip;]<\/p>\n","protected":false},"author":1,"featured_media":0,"parent":0,"menu_order":0,"comment_status":"closed","ping_status":"closed","template":"","meta":{"site-sidebar-layout":"no-sidebar","site-content-layout":"","ast-site-content-layout":"full-width-container","site-content-style":"default","site-sidebar-style":"default","ast-global-header-display":"","ast-banner-title-visibility":"","ast-main-header-display":"","ast-hfb-above-header-display":"","ast-hfb-below-header-display":"","ast-hfb-mobile-header-display":"","site-post-title":"disabled","ast-breadcrumbs-content":"","ast-featured-img":"disabled","footer-sml-layout":"","ast-disable-related-posts":"","theme-transparent-header-meta":"disabled","adv-header-id-meta":"","stick-header-meta":"","header-above-stick-meta":"","header-main-stick-meta":"","header-below-stick-meta":"","astra-migrate-meta-layouts":"default","ast-page-background-enabled":"default","ast-page-background-meta":{"desktop":{"background-color":"var(--ast-global-color-4)","background-image":"","background-repeat":"repeat","background-position":"center center","background-size":"auto","background-attachment":"scroll","background-type":"","background-media":"","overlay-type":"","overlay-color":"","overlay-opacity":"","overlay-gradient":""},"tablet":{"background-color":"","background-image":"","background-repeat":"repeat","background-position":"center center","background-size":"auto","background-attachment":"scroll","background-type":"","background-media":"","overlay-type":"","overlay-color":"","overlay-opacity":"","overlay-gradient":""},"mobile":{"background-color":"","background-image":"","background-repeat":"repeat","background-position":"center center","background-size":"auto","background-attachment":"scroll","background-type":"","background-media":"","overlay-type":"","overlay-color":"","overlay-opacity":"","overlay-gradient":""}},"ast-content-background-meta":{"desktop":{"background-color":"var(--ast-global-color-5)","background-image":"","background-repeat":"repeat","background-position":"center center","background-size":"auto","background-attachment":"scroll","background-type":"","background-media":"","overlay-type":"","overlay-color":"","overlay-opacity":"","overlay-gradient":""},"tablet":{"background-color":"var(--ast-global-color-5)","background-image":"","background-repeat":"repeat","background-position":"center center","background-size":"auto","background-attachment":"scroll","background-type":"","background-media":"","overlay-type":"","overlay-color":"","overlay-opacity":"","overlay-gradient":""},"mobile":{"background-color":"var(--ast-global-color-5)","background-image":"","background-repeat":"repeat","background-position":"center center","background-size":"auto","background-attachment":"scroll","background-type":"","background-media":"","overlay-type":"","overlay-color":"","overlay-opacity":"","overlay-gradient":""}},"footnotes":""},"class_list":["post-2301","page","type-page","status-publish","hentry"],"yoast_head":"<!-- This site is optimized with the Yoast SEO plugin v27.4 - https:\/\/yoast.com\/product\/yoast-seo-wordpress\/ -->\n<title>Dokumentation - Mimatest\u00ae<\/title>\n<meta name=\"robots\" content=\"index, follow, max-snippet:-1, max-image-preview:large, max-video-preview:-1\" \/>\n<link rel=\"canonical\" href=\"https:\/\/mimatest.net\/en\/dokumentation\/\" \/>\n<meta property=\"og:locale\" content=\"en_GB\" \/>\n<meta property=\"og:type\" content=\"article\" \/>\n<meta property=\"og:title\" content=\"Dokumentation - Mimatest\u00ae\" \/>\n<meta property=\"og:description\" content=\"Dokumentation Anleitung zur Blutentnahme Deutsch English (Soon available) espa\u00f1ol (pronto disponible) fran\u00e7ais (bient\u00f4t disponible) italiano (presto disponibile) Beispielberichte (Demn\u00e4chst verf\u00fcgbar) [&hellip;]\" \/>\n<meta property=\"og:url\" content=\"https:\/\/mimatest.net\/en\/dokumentation\/\" \/>\n<meta property=\"og:site_name\" content=\"Mimatest\u00ae\" \/>\n<meta property=\"article:modified_time\" content=\"2025-12-10T17:55:57+00:00\" \/>\n<meta name=\"twitter:card\" content=\"summary_large_image\" \/>\n<meta name=\"twitter:label1\" content=\"Estimated reading time\" \/>\n\t<meta name=\"twitter:data1\" content=\"1 minute\" \/>\n<script type=\"application\/ld+json\" class=\"yoast-schema-graph\">{\"@context\":\"https:\\\/\\\/schema.org\",\"@graph\":[{\"@type\":\"WebPage\",\"@id\":\"https:\\\/\\\/mimatest.net\\\/dokumentation\\\/\",\"url\":\"https:\\\/\\\/mimatest.net\\\/dokumentation\\\/\",\"name\":\"Dokumentation - Mimatest\u00ae\",\"isPartOf\":{\"@id\":\"https:\\\/\\\/mimatest.net\\\/#website\"},\"datePublished\":\"2025-07-11T10:57:44+00:00\",\"dateModified\":\"2025-12-10T17:55:57+00:00\",\"breadcrumb\":{\"@id\":\"https:\\\/\\\/mimatest.net\\\/dokumentation\\\/#breadcrumb\"},\"inLanguage\":\"en-GB\",\"potentialAction\":[{\"@type\":\"ReadAction\",\"target\":[\"https:\\\/\\\/mimatest.net\\\/dokumentation\\\/\"]}]},{\"@type\":\"BreadcrumbList\",\"@id\":\"https:\\\/\\\/mimatest.net\\\/dokumentation\\\/#breadcrumb\",\"itemListElement\":[{\"@type\":\"ListItem\",\"position\":1,\"name\":\"Home\",\"item\":\"https:\\\/\\\/mimatest.net\\\/\"},{\"@type\":\"ListItem\",\"position\":2,\"name\":\"Dokumentation\"}]},{\"@type\":\"WebSite\",\"@id\":\"https:\\\/\\\/mimatest.net\\\/#website\",\"url\":\"https:\\\/\\\/mimatest.net\\\/\",\"name\":\"Mimatest\u00ae\",\"description\":\"Minimalinvasiver Trockenbluttest zur Analyse der Mikrobiota des D\u00fcnndarms\",\"publisher\":{\"@id\":\"https:\\\/\\\/mimatest.net\\\/#organization\"},\"potentialAction\":[{\"@type\":\"SearchAction\",\"target\":{\"@type\":\"EntryPoint\",\"urlTemplate\":\"https:\\\/\\\/mimatest.net\\\/?s={search_term_string}\"},\"query-input\":{\"@type\":\"PropertyValueSpecification\",\"valueRequired\":true,\"valueName\":\"search_term_string\"}}],\"inLanguage\":\"en-GB\"},{\"@type\":\"Organization\",\"@id\":\"https:\\\/\\\/mimatest.net\\\/#organization\",\"name\":\"Mimatest\u00ae\",\"url\":\"https:\\\/\\\/mimatest.net\\\/\",\"logo\":{\"@type\":\"ImageObject\",\"inLanguage\":\"en-GB\",\"@id\":\"https:\\\/\\\/mimatest.net\\\/#\\\/schema\\\/logo\\\/image\\\/\",\"url\":\"https:\\\/\\\/mimatest.net\\\/wp-content\\\/uploads\\\/2023\\\/10\\\/mimatest_logo.svg\",\"contentUrl\":\"https:\\\/\\\/mimatest.net\\\/wp-content\\\/uploads\\\/2023\\\/10\\\/mimatest_logo.svg\",\"width\":670,\"height\":117,\"caption\":\"Mimatest\u00ae\"},\"image\":{\"@id\":\"https:\\\/\\\/mimatest.net\\\/#\\\/schema\\\/logo\\\/image\\\/\"}}]}<\/script>\n<!-- \/ Yoast SEO plugin. -->","yoast_head_json":{"title":"Dokumentation - Mimatest\u00ae","robots":{"index":"index","follow":"follow","max-snippet":"max-snippet:-1","max-image-preview":"max-image-preview:large","max-video-preview":"max-video-preview:-1"},"canonical":"https:\/\/mimatest.net\/en\/dokumentation\/","og_locale":"en_GB","og_type":"article","og_title":"Dokumentation - Mimatest\u00ae","og_description":"Dokumentation Anleitung zur Blutentnahme Deutsch English (Soon available) espa\u00f1ol (pronto disponible) fran\u00e7ais (bient\u00f4t disponible) italiano (presto disponibile) Beispielberichte (Demn\u00e4chst verf\u00fcgbar) [&hellip;]","og_url":"https:\/\/mimatest.net\/en\/dokumentation\/","og_site_name":"Mimatest\u00ae","article_modified_time":"2025-12-10T17:55:57+00:00","twitter_card":"summary_large_image","twitter_misc":{"Estimated reading time":"1 minute"},"schema":{"@context":"https:\/\/schema.org","@graph":[{"@type":"WebPage","@id":"https:\/\/mimatest.net\/dokumentation\/","url":"https:\/\/mimatest.net\/dokumentation\/","name":"Dokumentation - Mimatest\u00ae","isPartOf":{"@id":"https:\/\/mimatest.net\/#website"},"datePublished":"2025-07-11T10:57:44+00:00","dateModified":"2025-12-10T17:55:57+00:00","breadcrumb":{"@id":"https:\/\/mimatest.net\/dokumentation\/#breadcrumb"},"inLanguage":"en-GB","potentialAction":[{"@type":"ReadAction","target":["https:\/\/mimatest.net\/dokumentation\/"]}]},{"@type":"BreadcrumbList","@id":"https:\/\/mimatest.net\/dokumentation\/#breadcrumb","itemListElement":[{"@type":"ListItem","position":1,"name":"Home","item":"https:\/\/mimatest.net\/"},{"@type":"ListItem","position":2,"name":"Dokumentation"}]},{"@type":"WebSite","@id":"https:\/\/mimatest.net\/#website","url":"https:\/\/mimatest.net\/","name":"Mimatest\u00ae","description":"Minimalinvasiver Trockenbluttest zur Analyse der Mikrobiota des D\u00fcnndarms","publisher":{"@id":"https:\/\/mimatest.net\/#organization"},"potentialAction":[{"@type":"SearchAction","target":{"@type":"EntryPoint","urlTemplate":"https:\/\/mimatest.net\/?s={search_term_string}"},"query-input":{"@type":"PropertyValueSpecification","valueRequired":true,"valueName":"search_term_string"}}],"inLanguage":"en-GB"},{"@type":"Organization","@id":"https:\/\/mimatest.net\/#organization","name":"Mimatest\u00ae","url":"https:\/\/mimatest.net\/","logo":{"@type":"ImageObject","inLanguage":"en-GB","@id":"https:\/\/mimatest.net\/#\/schema\/logo\/image\/","url":"https:\/\/mimatest.net\/wp-content\/uploads\/2023\/10\/mimatest_logo.svg","contentUrl":"https:\/\/mimatest.net\/wp-content\/uploads\/2023\/10\/mimatest_logo.svg","width":670,"height":117,"caption":"Mimatest\u00ae"},"image":{"@id":"https:\/\/mimatest.net\/#\/schema\/logo\/image\/"}}]}},"_links":{"self":[{"href":"https:\/\/mimatest.net\/en\/wp-json\/wp\/v2\/pages\/2301","targetHints":{"allow":["GET"]}}],"collection":[{"href":"https:\/\/mimatest.net\/en\/wp-json\/wp\/v2\/pages"}],"about":[{"href":"https:\/\/mimatest.net\/en\/wp-json\/wp\/v2\/types\/page"}],"author":[{"embeddable":true,"href":"https:\/\/mimatest.net\/en\/wp-json\/wp\/v2\/users\/1"}],"replies":[{"embeddable":true,"href":"https:\/\/mimatest.net\/en\/wp-json\/wp\/v2\/comments?post=2301"}],"version-history":[{"count":61,"href":"https:\/\/mimatest.net\/en\/wp-json\/wp\/v2\/pages\/2301\/revisions"}],"predecessor-version":[{"id":2920,"href":"https:\/\/mimatest.net\/en\/wp-json\/wp\/v2\/pages\/2301\/revisions\/2920"}],"wp:attachment":[{"href":"https:\/\/mimatest.net\/en\/wp-json\/wp\/v2\/media?parent=2301"}],"curies":[{"name":"wp","href":"https:\/\/api.w.org\/{rel}","templated":true}]}}