{"id":1483,"date":"2023-10-19T17:57:22","date_gmt":"2023-10-19T17:57:22","guid":{"rendered":"https:\/\/mimatest.net\/?page_id=1483"},"modified":"2024-05-07T18:14:31","modified_gmt":"2024-05-07T18:14:31","slug":"widerrufsbelehrung","status":"publish","type":"page","link":"https:\/\/mimatest.net\/en\/widerrufsbelehrung\/","title":{"rendered":"Cancellation Policy"},"content":{"rendered":"<div data-elementor-type=\"wp-page\" data-elementor-id=\"1483\" class=\"elementor elementor-1483\">\n\t\t\t\t<div class=\"elementor-element elementor-element-70b390c e-con-full e-flex e-con e-parent\" data-id=\"70b390c\" data-element_type=\"container\" data-e-type=\"container\" data-settings=\"{&quot;background_background&quot;:&quot;classic&quot;}\">\n\t\t<div class=\"elementor-element elementor-element-edcbeec e-con-full e-flex e-con e-child\" data-id=\"edcbeec\" data-element_type=\"container\" data-e-type=\"container\" data-settings=\"{&quot;background_background&quot;:&quot;classic&quot;}\">\n\t\t\t\t<div class=\"elementor-element elementor-element-fc30bbd elementor-widget elementor-widget-heading\" data-id=\"fc30bbd\" data-element_type=\"widget\" data-e-type=\"widget\" data-widget_type=\"heading.default\">\n\t\t\t\t<div class=\"elementor-widget-container\">\n\t\t\t\t\t<h2 class=\"elementor-heading-title elementor-size-default\">Cancellation Policy<\/h2>\t\t\t\t<\/div>\n\t\t\t\t<\/div>\n\t\t\t\t<div class=\"elementor-element elementor-element-e0ac59e elementor-widget elementor-widget-text-editor\" data-id=\"e0ac59e\" data-element_type=\"widget\" data-e-type=\"widget\" data-widget_type=\"text-editor.default\">\n\t\t\t\t<div class=\"elementor-widget-container\">\n\t\t\t\t\t\t\t\t\t<p><strong>Widerrufsrecht (bei Einmallieferung)<\/strong><\/p><p>Sie haben das Recht, binnen vierzehn Tagen ohne Angabe von Gr\u00fcnden diesen Vertrag zu widerrufen.<\/p><p>Die Widerrufsfrist betr\u00e4gt vierzehn Tage ab dem Tag, an dem Sie oder ein von Ihnen benannter Dritter, der nicht der Bef\u00f6rderer ist, die letzte Ware in Besitz genommen haben bzw. hat.<\/p><p>Um Ihr Widerrufsrecht auszu\u00fcben, m\u00fcssen Sie uns, diesen\u00a0 mittels einer eindeutigen Erkl\u00e4rung (zum Beispiel ein mit der Post versandter Brief, oder per E-Mail an post@mimatest.net) \u00fcber Ihren Entschluss, diesen Vertrag zu widerrufen, informieren.<\/p><p>Zur Wahrung der Widerrufsfrist reicht es aus, dass Sie die Mitteilung \u00fcber die Aus\u00fcbung des Widerrufsrechts vor Ablauf der Widerrufsfrist absenden.<\/p><p><strong>Folgen des Widerrufs<\/strong><\/p><p>Wenn Sie diesen Vertrag widerrufen, haben wir Ihnen alle Zahlungen, die wir von Ihnen erhalten haben, einschlie\u00dflich der Lieferkosten (mit Ausnahme der zus\u00e4tzlichen Kosten, die sich daraus ergeben, dass Sie eine andere Art der Lieferung als die von uns angebotene, g\u00fcnstigste Standardlieferung gew\u00e4hlt haben), unverz\u00fcglich und sp\u00e4testens binnen vierzehn Tagen ab dem Tag zur\u00fcckzuzahlen, an dem die Mitteilung \u00fcber Ihren Widerruf dieses Vertrags bei uns eingegangen ist. F\u00fcr diese R\u00fcckzahlung verwenden wir dasselbe Zahlungsmittel, das Sie bei der urspr\u00fcnglichen Transaktion eingesetzt haben, es sei denn, mit Ihnen wurde ausdr\u00fccklich etwas anderes vereinbart; in keinem Fall werden Ihnen wegen dieser R\u00fcckzahlung Entgelte berechnet.<\/p><p>Wir k\u00f6nnen die R\u00fcckzahlung verweigern, bis wir die Waren wieder zur\u00fcckerhalten haben oder bis Sie den Nachweis erbracht haben, dass Sie die Waren zur\u00fcckgesandt haben, je nachdem, welches der fr\u00fchere Zeitpunkt ist.<\/p><p>Sie haben die Waren unverz\u00fcglich und in jedem Fall sp\u00e4testens binnen vierzehn Tagen ab dem Tag, an dem Sie uns \u00fcber den Widerruf dieses Vertrages unterrichten, an das beliefernde Fullfillment-Center zur\u00fcckzusenden oder zu \u00fcbergeben. Die Frist ist gewahrt, wenn Sie die Waren vor Ablauf der Frist von vierzehn Tagen absenden.<\/p><p>Sie tragen die unmittelbaren Kosten der R\u00fccksendung der Waren.<\/p><p>Sie m\u00fcssen f\u00fcr einen etwaigen Wertverlust der Waren nur aufkommen, wenn dieser Wertverlust auf einen zur Pr\u00fcfung der Beschaffenheit, Eigenschaften und Funktionsweise der Waren nicht notwendigen Umgang mit ihnen zur\u00fcckzuf\u00fchren ist.<\/p><p>Sie haben das Recht, binnen vierzehn Tagen ohne Angabe von Gr\u00fcnden diesen Vertrag zu widerrufen.<\/p><p><strong>Ausnahme vom Widerrufsrecht<\/strong><\/p><p>Das Widerrufsrecht besteht nicht bei Vertr\u00e4gen zur Lieferung von Waren, deren versiegelte\/vern\u00e4hte Verpackung ge\u00f6ffnet wurde und die aus Gr\u00fcnden des Gesundheitsschutzes oder der Hygiene nicht zur R\u00fcckgabe geeignet sind, wenn ihre Versiegelung nach der Lieferung entfernt wurde. Er gilt auch nicht, wenn Sie die zur Lagerung des Produkts notwendigen Feuchtebeschr\u00e4nkungen nicht beachten und die Ware zur\u00fcckschicken, bei der der auf dem Produkt angegebene Raumfeuchte zur ordnungsgem\u00e4\u00dfen Lagerung unter- oder \u00fcberschritten werden.<\/p><p><strong>Ende der Widerrufsbelehrung<\/strong><\/p><p>Bitte vermeiden Sie Besch\u00e4digungen und Verunreinigungen. Senden Sie die Ware bitte m\u00f6glichst in Originalverpackung an uns zur\u00fcck. Verwenden Sie ggf. eine sch\u00fctzende Umverpackung. Das Widerrufsrecht besteht, auch wenn Sie sich nicht an diese Bitte halten.<\/p>\t\t\t\t\t\t\t\t<\/div>\n\t\t\t\t<\/div>\n\t\t\t\t<\/div>\n\t\t\t\t<\/div>\n\t\t\t\t<\/div>","protected":false},"excerpt":{"rendered":"<p>Widerrufsbelehrung Widerrufsrecht (bei Einmallieferung) Sie haben das Recht, binnen vierzehn Tagen ohne Angabe von Gr\u00fcnden diesen Vertrag zu widerrufen. Die [&hellip;]<\/p>\n","protected":false},"author":1,"featured_media":0,"parent":0,"menu_order":0,"comment_status":"closed","ping_status":"closed","template":"","meta":{"site-sidebar-layout":"no-sidebar","site-content-layout":"","ast-site-content-layout":"full-width-container","site-content-style":"default","site-sidebar-style":"default","ast-global-header-display":"","ast-banner-title-visibility":"","ast-main-header-display":"","ast-hfb-above-header-display":"","ast-hfb-below-header-display":"","ast-hfb-mobile-header-display":"","site-post-title":"disabled","ast-breadcrumbs-content":"","ast-featured-img":"disabled","footer-sml-layout":"","ast-disable-related-posts":"","theme-transparent-header-meta":"disabled","adv-header-id-meta":"","stick-header-meta":"","header-above-stick-meta":"","header-main-stick-meta":"","header-below-stick-meta":"","astra-migrate-meta-layouts":"","ast-page-background-enabled":"default","ast-page-background-meta":{"desktop":{"background-color":"var(--ast-global-color-4)","background-image":"","background-repeat":"repeat","background-position":"center center","background-size":"auto","background-attachment":"scroll","background-type":"","background-media":"","overlay-type":"","overlay-color":"","overlay-opacity":"","overlay-gradient":""},"tablet":{"background-color":"","background-image":"","background-repeat":"repeat","background-position":"center center","background-size":"auto","background-attachment":"scroll","background-type":"","background-media":"","overlay-type":"","overlay-color":"","overlay-opacity":"","overlay-gradient":""},"mobile":{"background-color":"","background-image":"","background-repeat":"repeat","background-position":"center center","background-size":"auto","background-attachment":"scroll","background-type":"","background-media":"","overlay-type":"","overlay-color":"","overlay-opacity":"","overlay-gradient":""}},"ast-content-background-meta":{"desktop":{"background-color":"var(--ast-global-color-5)","background-image":"","background-repeat":"repeat","background-position":"center center","background-size":"auto","background-attachment":"scroll","background-type":"","background-media":"","overlay-type":"","overlay-color":"","overlay-opacity":"","overlay-gradient":""},"tablet":{"background-color":"var(--ast-global-color-5)","background-image":"","background-repeat":"repeat","background-position":"center center","background-size":"auto","background-attachment":"scroll","background-type":"","background-media":"","overlay-type":"","overlay-color":"","overlay-opacity":"","overlay-gradient":""},"mobile":{"background-color":"var(--ast-global-color-5)","background-image":"","background-repeat":"repeat","background-position":"center center","background-size":"auto","background-attachment":"scroll","background-type":"","background-media":"","overlay-type":"","overlay-color":"","overlay-opacity":"","overlay-gradient":""}},"footnotes":""},"class_list":["post-1483","page","type-page","status-publish","hentry"],"yoast_head":"<!-- This site is optimized with the Yoast SEO plugin v27.4 - https:\/\/yoast.com\/product\/yoast-seo-wordpress\/ -->\n<title>Widerrufsbelehrung - Mimatest\u00ae<\/title>\n<meta name=\"robots\" content=\"index, follow, max-snippet:-1, max-image-preview:large, max-video-preview:-1\" \/>\n<link rel=\"canonical\" href=\"https:\/\/mimatest.net\/en\/widerrufsbelehrung\/\" \/>\n<meta property=\"og:locale\" content=\"en_GB\" \/>\n<meta property=\"og:type\" content=\"article\" \/>\n<meta property=\"og:title\" content=\"Widerrufsbelehrung - Mimatest\u00ae\" \/>\n<meta property=\"og:description\" content=\"Widerrufsbelehrung Widerrufsrecht (bei Einmallieferung) Sie haben das Recht, binnen vierzehn Tagen ohne Angabe von Gr\u00fcnden diesen Vertrag zu widerrufen. Die [&hellip;]\" \/>\n<meta property=\"og:url\" content=\"https:\/\/mimatest.net\/en\/widerrufsbelehrung\/\" \/>\n<meta property=\"og:site_name\" content=\"Mimatest\u00ae\" \/>\n<meta property=\"article:modified_time\" content=\"2024-05-07T18:14:31+00:00\" \/>\n<meta name=\"twitter:card\" content=\"summary_large_image\" \/>\n<meta name=\"twitter:label1\" content=\"Estimated reading time\" \/>\n\t<meta name=\"twitter:data1\" content=\"3 minutes\" \/>\n<script type=\"application\/ld+json\" class=\"yoast-schema-graph\">{\"@context\":\"https:\\\/\\\/schema.org\",\"@graph\":[{\"@type\":\"WebPage\",\"@id\":\"https:\\\/\\\/mimatest.net\\\/widerrufsbelehrung\\\/\",\"url\":\"https:\\\/\\\/mimatest.net\\\/widerrufsbelehrung\\\/\",\"name\":\"Widerrufsbelehrung - Mimatest\u00ae\",\"isPartOf\":{\"@id\":\"https:\\\/\\\/mimatest.net\\\/#website\"},\"datePublished\":\"2023-10-19T17:57:22+00:00\",\"dateModified\":\"2024-05-07T18:14:31+00:00\",\"breadcrumb\":{\"@id\":\"https:\\\/\\\/mimatest.net\\\/widerrufsbelehrung\\\/#breadcrumb\"},\"inLanguage\":\"en-GB\",\"potentialAction\":[{\"@type\":\"ReadAction\",\"target\":[\"https:\\\/\\\/mimatest.net\\\/widerrufsbelehrung\\\/\"]}]},{\"@type\":\"BreadcrumbList\",\"@id\":\"https:\\\/\\\/mimatest.net\\\/widerrufsbelehrung\\\/#breadcrumb\",\"itemListElement\":[{\"@type\":\"ListItem\",\"position\":1,\"name\":\"Home\",\"item\":\"https:\\\/\\\/mimatest.net\\\/\"},{\"@type\":\"ListItem\",\"position\":2,\"name\":\"Widerrufsbelehrung\"}]},{\"@type\":\"WebSite\",\"@id\":\"https:\\\/\\\/mimatest.net\\\/#website\",\"url\":\"https:\\\/\\\/mimatest.net\\\/\",\"name\":\"Mimatest\u00ae\",\"description\":\"Minimalinvasiver Trockenbluttest zur Analyse der Mikrobiota des D\u00fcnndarms\",\"publisher\":{\"@id\":\"https:\\\/\\\/mimatest.net\\\/#organization\"},\"potentialAction\":[{\"@type\":\"SearchAction\",\"target\":{\"@type\":\"EntryPoint\",\"urlTemplate\":\"https:\\\/\\\/mimatest.net\\\/?s={search_term_string}\"},\"query-input\":{\"@type\":\"PropertyValueSpecification\",\"valueRequired\":true,\"valueName\":\"search_term_string\"}}],\"inLanguage\":\"en-GB\"},{\"@type\":\"Organization\",\"@id\":\"https:\\\/\\\/mimatest.net\\\/#organization\",\"name\":\"Mimatest\u00ae\",\"url\":\"https:\\\/\\\/mimatest.net\\\/\",\"logo\":{\"@type\":\"ImageObject\",\"inLanguage\":\"en-GB\",\"@id\":\"https:\\\/\\\/mimatest.net\\\/#\\\/schema\\\/logo\\\/image\\\/\",\"url\":\"https:\\\/\\\/mimatest.net\\\/wp-content\\\/uploads\\\/2023\\\/10\\\/mimatest_logo.svg\",\"contentUrl\":\"https:\\\/\\\/mimatest.net\\\/wp-content\\\/uploads\\\/2023\\\/10\\\/mimatest_logo.svg\",\"width\":670,\"height\":117,\"caption\":\"Mimatest\u00ae\"},\"image\":{\"@id\":\"https:\\\/\\\/mimatest.net\\\/#\\\/schema\\\/logo\\\/image\\\/\"}}]}<\/script>\n<!-- \/ Yoast SEO plugin. -->","yoast_head_json":{"title":"Widerrufsbelehrung - Mimatest\u00ae","robots":{"index":"index","follow":"follow","max-snippet":"max-snippet:-1","max-image-preview":"max-image-preview:large","max-video-preview":"max-video-preview:-1"},"canonical":"https:\/\/mimatest.net\/en\/widerrufsbelehrung\/","og_locale":"en_GB","og_type":"article","og_title":"Widerrufsbelehrung - Mimatest\u00ae","og_description":"Widerrufsbelehrung Widerrufsrecht (bei Einmallieferung) Sie haben das Recht, binnen vierzehn Tagen ohne Angabe von Gr\u00fcnden diesen Vertrag zu widerrufen. Die [&hellip;]","og_url":"https:\/\/mimatest.net\/en\/widerrufsbelehrung\/","og_site_name":"Mimatest\u00ae","article_modified_time":"2024-05-07T18:14:31+00:00","twitter_card":"summary_large_image","twitter_misc":{"Estimated reading time":"3 minutes"},"schema":{"@context":"https:\/\/schema.org","@graph":[{"@type":"WebPage","@id":"https:\/\/mimatest.net\/widerrufsbelehrung\/","url":"https:\/\/mimatest.net\/widerrufsbelehrung\/","name":"Widerrufsbelehrung - Mimatest\u00ae","isPartOf":{"@id":"https:\/\/mimatest.net\/#website"},"datePublished":"2023-10-19T17:57:22+00:00","dateModified":"2024-05-07T18:14:31+00:00","breadcrumb":{"@id":"https:\/\/mimatest.net\/widerrufsbelehrung\/#breadcrumb"},"inLanguage":"en-GB","potentialAction":[{"@type":"ReadAction","target":["https:\/\/mimatest.net\/widerrufsbelehrung\/"]}]},{"@type":"BreadcrumbList","@id":"https:\/\/mimatest.net\/widerrufsbelehrung\/#breadcrumb","itemListElement":[{"@type":"ListItem","position":1,"name":"Home","item":"https:\/\/mimatest.net\/"},{"@type":"ListItem","position":2,"name":"Widerrufsbelehrung"}]},{"@type":"WebSite","@id":"https:\/\/mimatest.net\/#website","url":"https:\/\/mimatest.net\/","name":"Mimatest\u00ae","description":"Minimalinvasiver Trockenbluttest zur Analyse der Mikrobiota des D\u00fcnndarms","publisher":{"@id":"https:\/\/mimatest.net\/#organization"},"potentialAction":[{"@type":"SearchAction","target":{"@type":"EntryPoint","urlTemplate":"https:\/\/mimatest.net\/?s={search_term_string}"},"query-input":{"@type":"PropertyValueSpecification","valueRequired":true,"valueName":"search_term_string"}}],"inLanguage":"en-GB"},{"@type":"Organization","@id":"https:\/\/mimatest.net\/#organization","name":"Mimatest\u00ae","url":"https:\/\/mimatest.net\/","logo":{"@type":"ImageObject","inLanguage":"en-GB","@id":"https:\/\/mimatest.net\/#\/schema\/logo\/image\/","url":"https:\/\/mimatest.net\/wp-content\/uploads\/2023\/10\/mimatest_logo.svg","contentUrl":"https:\/\/mimatest.net\/wp-content\/uploads\/2023\/10\/mimatest_logo.svg","width":670,"height":117,"caption":"Mimatest\u00ae"},"image":{"@id":"https:\/\/mimatest.net\/#\/schema\/logo\/image\/"}}]}},"_links":{"self":[{"href":"https:\/\/mimatest.net\/en\/wp-json\/wp\/v2\/pages\/1483","targetHints":{"allow":["GET"]}}],"collection":[{"href":"https:\/\/mimatest.net\/en\/wp-json\/wp\/v2\/pages"}],"about":[{"href":"https:\/\/mimatest.net\/en\/wp-json\/wp\/v2\/types\/page"}],"author":[{"embeddable":true,"href":"https:\/\/mimatest.net\/en\/wp-json\/wp\/v2\/users\/1"}],"replies":[{"embeddable":true,"href":"https:\/\/mimatest.net\/en\/wp-json\/wp\/v2\/comments?post=1483"}],"version-history":[{"count":22,"href":"https:\/\/mimatest.net\/en\/wp-json\/wp\/v2\/pages\/1483\/revisions"}],"predecessor-version":[{"id":1789,"href":"https:\/\/mimatest.net\/en\/wp-json\/wp\/v2\/pages\/1483\/revisions\/1789"}],"wp:attachment":[{"href":"https:\/\/mimatest.net\/en\/wp-json\/wp\/v2\/media?parent=1483"}],"curies":[{"name":"wp","href":"https:\/\/api.w.org\/{rel}","templated":true}]}}