{"id":1480,"date":"2023-10-19T17:56:41","date_gmt":"2023-10-19T17:56:41","guid":{"rendered":"https:\/\/mimatest.net\/?page_id=1480"},"modified":"2026-02-09T12:26:40","modified_gmt":"2026-02-09T11:26:40","slug":"impressum","status":"publish","type":"page","link":"https:\/\/mimatest.net\/en\/impressum\/","title":{"rendered":"Imprint"},"content":{"rendered":"<div data-elementor-type=\"wp-page\" data-elementor-id=\"1480\" class=\"elementor elementor-1480\">\n\t\t\t\t<div class=\"elementor-element elementor-element-2376a52 e-con-full e-flex e-con e-parent\" data-id=\"2376a52\" data-element_type=\"container\" data-e-type=\"container\" data-settings=\"{&quot;background_background&quot;:&quot;classic&quot;}\">\n\t\t<div class=\"elementor-element elementor-element-f800e9c e-con-full e-flex e-con e-child\" data-id=\"f800e9c\" data-element_type=\"container\" data-e-type=\"container\" data-settings=\"{&quot;background_background&quot;:&quot;classic&quot;}\">\n\t\t\t\t<div class=\"elementor-element elementor-element-1630cfa elementor-widget elementor-widget-heading\" data-id=\"1630cfa\" data-element_type=\"widget\" data-e-type=\"widget\" data-widget_type=\"heading.default\">\n\t\t\t\t<div class=\"elementor-widget-container\">\n\t\t\t\t\t<h2 class=\"elementor-heading-title elementor-size-default\">Imprint<\/h2>\t\t\t\t<\/div>\n\t\t\t\t<\/div>\n\t\t<div class=\"elementor-element elementor-element-2348909 e-con-full e-flex e-con e-child\" data-id=\"2348909\" data-element_type=\"container\" data-e-type=\"container\">\n\t\t\t\t<div class=\"elementor-element elementor-element-6ec8074 elementor-widget__width-inherit elementor-widget elementor-widget-text-editor\" data-id=\"6ec8074\" data-element_type=\"widget\" data-e-type=\"widget\" data-widget_type=\"text-editor.default\">\n\t\t\t\t<div class=\"elementor-widget-container\">\n\t\t\t\t\t\t\t\t\t<p><b>Angaben gem\u00e4\u00df \u00a7 5 TMG (Telemediengesetz)<\/b><\/p><p><span style=\"font-weight: 400;\">Mimatest GmbH<br \/><\/span><span style=\"font-weight: 400;\">Nestleinsberggasse 50<br \/><\/span><span style=\"font-weight: 400;\">91550 Dinkelsb\u00fchl<br \/><\/span><span style=\"font-weight: 400;\">Deutschland<\/span><\/p><p><span style=\"font-weight: 400;\">Vertreten durch:<br \/><\/span><span style=\"font-weight: 400;\">Herr Paul M. W\u00f6tzel<\/span><\/p><p><span style=\"font-weight: 400;\"><strong>Contact<\/strong><br \/><\/span><span style=\"font-weight: 400;\">Telefon: +49 (0) 172 2691064<\/span><span style=\"font-weight: 400;\"><br \/><\/span><span style=\"font-weight: 400;\">E-Mail: post@mimatest.net<br \/><\/span><span style=\"font-weight: 400;\">Presseanfragen: post<\/span><span style=\"font-weight: 400;\">@mimatest.net<\/span><\/p>\t\t\t\t\t\t\t\t<\/div>\n\t\t\t\t<\/div>\n\t\t\t\t<div class=\"elementor-element elementor-element-dfde8df elementor-widget__width-inherit elementor-widget elementor-widget-text-editor\" data-id=\"dfde8df\" data-element_type=\"widget\" data-e-type=\"widget\" data-widget_type=\"text-editor.default\">\n\t\t\t\t<div class=\"elementor-widget-container\">\n\t\t\t\t\t\t\t\t\t<p><b>Registereintrag<br \/><\/b><span style=\"font-weight: 400;\">Eintragung im Handelsregister.<br \/><\/span><span style=\"font-weight: 400;\">Registergericht: Amtsgericht Ansbach<br \/><\/span><span style=\"font-weight: 400;\">Registernummer: HRB 8536<\/span><\/p><p><b>Umsatzsteuer-ID<br \/><\/b><span style=\"font-weight: 400;\">Umsatzsteuer-Identifikationsnummer gem\u00e4\u00df \u00a727a<br \/>Umsatzsteuergesetz: DE450254728<\/span><\/p><p><strong>Bankverbindung<br \/><\/strong>Kontoinhaber: Mimatest GmbH<br \/>IBAN: DE10614910100276650000<br \/>BIC: GENODES1ELL<\/p><p>\u00a0<\/p>\t\t\t\t\t\t\t\t<\/div>\n\t\t\t\t<\/div>\n\t\t\t\t<\/div>\n\t\t\t\t<div class=\"elementor-element elementor-element-cd9c924 elementor-widget elementor-widget-text-editor\" data-id=\"cd9c924\" data-element_type=\"widget\" data-e-type=\"widget\" data-widget_type=\"text-editor.default\">\n\t\t\t\t<div class=\"elementor-widget-container\">\n\t\t\t\t\t\t\t\t\t<p><b>Haftungsbeschr\u00e4nkung<\/b><\/p><p><span style=\"font-weight: 400;\">Die Inhalte werde der Webseite mimatest.net wird mit gr\u00f6\u00dfter Sorgfalt erstellt.\u00a0<\/span><\/p><p><span style=\"font-weight: 400;\">Die Mimatest GmbH \u00fcbernimmt jedoch keine Gew\u00e4hr f\u00fcr die Richtigkeit, Vollst\u00e4ndigkeit und Aktualit\u00e4t der Inhalte. Die Nutzung der Inhalte der Website erfolgt auf eigene Gefahr des Nutzers. Mit der Nutzung der Website der Mimatest GmbH ohne Registrierung kommt keinerlei Vertragsverh\u00e4ltnis zwischen dem Nutzer und dem Anbieter zustande.<\/span><\/p><p><b>Haftung f\u00fcr Links<\/b><\/p><p><span style=\"font-weight: 400;\">Trotz sorgf\u00e4ltiger Pr\u00fcfung bei einer eventuellen Verlinkung oder Einbettung \u00fcbernimmt die Mimatest GmbH f\u00fcr die Inhalte fremder Seiten keine Haftung. F\u00fcr den Inhalt fremder Seiten sind ausschlie\u00dflich deren Betreiber verantwortlich, auch wenn diese mit mimatest.net, der darmbulanz.de und\/oder deren Unterseiten verlinkt oder darin eingebettet sind. Die verlinkten Seiten wurden zum Zeitpunkt der Verlinkung auf m\u00f6gliche Rechtsverst\u00f6\u00dfe \u00fcberpr\u00fcft. Rechtswidrige Inhalte waren zum Zeitpunkt der Verlinkung nicht erkennbar. Eine permanente inhaltliche Kontrolle der verlinkten Seiten ist jedoch ohne konkrete Anhaltspunkte einer Rechtsverletzung nicht zumutbar. Bei Bekanntwerden von Rechtsverletzungen werden wir derartige Links umgehend entfernen.<\/span><\/p><p><b>Schutzrechte<\/b><\/p><p><span style=\"font-weight: 400;\">Die auf dieser Website ver\u00f6ffentlichten Inhalte unterliegen dem deutschen Urheber- und Leistungsschutzrecht. Jede vom deutschen Urheber- und Leistungsschutzrecht nicht zugelassene Verwertung bedarf der vorherigen schriftlichen Zustimmung des Anbieters oder jeweiligen Rechteinhabers. Dies gilt insbesondere f\u00fcr Vervielf\u00e4ltigung, Bearbeitung, \u00dcbersetzung, Einspeicherung, Verarbeitung bzw. Wiedergabe von Inhalten in Datenbanken oder anderen elektronischen Medien und Systemen. Die unerlaubte Vervielf\u00e4ltigung oder Weitergabe einzelner Inhalte oder kompletter Seiten ist nicht gestattet und strafbar. &#8222;Darmbulanz\u00ae\u201d ist eine eingetragene Marke der Manidad AG, Bern. Die Nutzung erfolgt unter Lizenz. Stand: September 2024<\/span><\/p><p><strong>Bildcredits: <\/strong>Image by <a href=\"https:\/\/www.freepik.com\/free-photo\/coronavirus-arrangement-with-blood-samples-vaccine_18773170.htm\">freepik<\/a>\u00a0| Image by <a href=\"https:\/\/www.freepik.com\/free-photo\/close-up-scientist-wearing-masks_12892382.htm\">freepik<\/a>\u00a0| Image by <a href=\"https:\/\/www.freepik.com\/free-photo\/close-up-hands-holding-petri-dish_12892371.htm\">freepik<\/a><\/p>\t\t\t\t\t\t\t\t<\/div>\n\t\t\t\t<\/div>\n\t\t\t\t<\/div>\n\t\t\t\t<\/div>\n\t\t\t\t<\/div>","protected":false},"excerpt":{"rendered":"<p>Impressum Angaben gem\u00e4\u00df \u00a7 5 TMG (Telemediengesetz) Mimatest GmbHNestleinsberggasse 5091550 Dinkelsb\u00fchlDeutschland Vertreten durch:Herr Paul M. W\u00f6tzel KontaktTelefon: +49 (0) 172 [&hellip;]<\/p>\n","protected":false},"author":1,"featured_media":0,"parent":0,"menu_order":0,"comment_status":"closed","ping_status":"closed","template":"","meta":{"site-sidebar-layout":"no-sidebar","site-content-layout":"","ast-site-content-layout":"full-width-container","site-content-style":"default","site-sidebar-style":"default","ast-global-header-display":"","ast-banner-title-visibility":"","ast-main-header-display":"","ast-hfb-above-header-display":"","ast-hfb-below-header-display":"","ast-hfb-mobile-header-display":"","site-post-title":"disabled","ast-breadcrumbs-content":"","ast-featured-img":"disabled","footer-sml-layout":"","ast-disable-related-posts":"","theme-transparent-header-meta":"disabled","adv-header-id-meta":"","stick-header-meta":"","header-above-stick-meta":"","header-main-stick-meta":"","header-below-stick-meta":"","astra-migrate-meta-layouts":"","ast-page-background-enabled":"default","ast-page-background-meta":{"desktop":{"background-color":"var(--ast-global-color-4)","background-image":"","background-repeat":"repeat","background-position":"center center","background-size":"auto","background-attachment":"scroll","background-type":"","background-media":"","overlay-type":"","overlay-color":"","overlay-opacity":"","overlay-gradient":""},"tablet":{"background-color":"","background-image":"","background-repeat":"repeat","background-position":"center center","background-size":"auto","background-attachment":"scroll","background-type":"","background-media":"","overlay-type":"","overlay-color":"","overlay-opacity":"","overlay-gradient":""},"mobile":{"background-color":"","background-image":"","background-repeat":"repeat","background-position":"center center","background-size":"auto","background-attachment":"scroll","background-type":"","background-media":"","overlay-type":"","overlay-color":"","overlay-opacity":"","overlay-gradient":""}},"ast-content-background-meta":{"desktop":{"background-color":"var(--ast-global-color-5)","background-image":"","background-repeat":"repeat","background-position":"center center","background-size":"auto","background-attachment":"scroll","background-type":"","background-media":"","overlay-type":"","overlay-color":"","overlay-opacity":"","overlay-gradient":""},"tablet":{"background-color":"var(--ast-global-color-5)","background-image":"","background-repeat":"repeat","background-position":"center center","background-size":"auto","background-attachment":"scroll","background-type":"","background-media":"","overlay-type":"","overlay-color":"","overlay-opacity":"","overlay-gradient":""},"mobile":{"background-color":"var(--ast-global-color-5)","background-image":"","background-repeat":"repeat","background-position":"center center","background-size":"auto","background-attachment":"scroll","background-type":"","background-media":"","overlay-type":"","overlay-color":"","overlay-opacity":"","overlay-gradient":""}},"footnotes":""},"class_list":["post-1480","page","type-page","status-publish","hentry"],"yoast_head":"<!-- This site is optimized with the Yoast SEO plugin v27.4 - https:\/\/yoast.com\/product\/yoast-seo-wordpress\/ -->\n<title>Impressum - Mimatest\u00ae<\/title>\n<meta name=\"robots\" content=\"index, follow, max-snippet:-1, max-image-preview:large, max-video-preview:-1\" \/>\n<link rel=\"canonical\" href=\"https:\/\/mimatest.net\/en\/impressum\/\" \/>\n<meta property=\"og:locale\" content=\"en_GB\" \/>\n<meta property=\"og:type\" content=\"article\" \/>\n<meta property=\"og:title\" content=\"Impressum - Mimatest\u00ae\" \/>\n<meta property=\"og:description\" content=\"Impressum Angaben gem\u00e4\u00df \u00a7 5 TMG (Telemediengesetz) Mimatest GmbHNestleinsberggasse 5091550 Dinkelsb\u00fchlDeutschland Vertreten durch:Herr Paul M. W\u00f6tzel KontaktTelefon: +49 (0) 172 [&hellip;]\" \/>\n<meta property=\"og:url\" content=\"https:\/\/mimatest.net\/en\/impressum\/\" \/>\n<meta property=\"og:site_name\" content=\"Mimatest\u00ae\" \/>\n<meta property=\"article:modified_time\" content=\"2026-02-09T11:26:40+00:00\" \/>\n<meta name=\"twitter:card\" content=\"summary_large_image\" \/>\n<meta name=\"twitter:label1\" content=\"Estimated reading time\" \/>\n\t<meta name=\"twitter:data1\" content=\"2 minutes\" \/>\n<script type=\"application\/ld+json\" class=\"yoast-schema-graph\">{\"@context\":\"https:\\\/\\\/schema.org\",\"@graph\":[{\"@type\":\"WebPage\",\"@id\":\"https:\\\/\\\/mimatest.net\\\/impressum\\\/\",\"url\":\"https:\\\/\\\/mimatest.net\\\/impressum\\\/\",\"name\":\"Impressum - Mimatest\u00ae\",\"isPartOf\":{\"@id\":\"https:\\\/\\\/mimatest.net\\\/#website\"},\"datePublished\":\"2023-10-19T17:56:41+00:00\",\"dateModified\":\"2026-02-09T11:26:40+00:00\",\"breadcrumb\":{\"@id\":\"https:\\\/\\\/mimatest.net\\\/impressum\\\/#breadcrumb\"},\"inLanguage\":\"en-GB\",\"potentialAction\":[{\"@type\":\"ReadAction\",\"target\":[\"https:\\\/\\\/mimatest.net\\\/impressum\\\/\"]}]},{\"@type\":\"BreadcrumbList\",\"@id\":\"https:\\\/\\\/mimatest.net\\\/impressum\\\/#breadcrumb\",\"itemListElement\":[{\"@type\":\"ListItem\",\"position\":1,\"name\":\"Home\",\"item\":\"https:\\\/\\\/mimatest.net\\\/\"},{\"@type\":\"ListItem\",\"position\":2,\"name\":\"Impressum\"}]},{\"@type\":\"WebSite\",\"@id\":\"https:\\\/\\\/mimatest.net\\\/#website\",\"url\":\"https:\\\/\\\/mimatest.net\\\/\",\"name\":\"Mimatest\u00ae\",\"description\":\"Minimalinvasiver Trockenbluttest zur Analyse der Mikrobiota des D\u00fcnndarms\",\"publisher\":{\"@id\":\"https:\\\/\\\/mimatest.net\\\/#organization\"},\"potentialAction\":[{\"@type\":\"SearchAction\",\"target\":{\"@type\":\"EntryPoint\",\"urlTemplate\":\"https:\\\/\\\/mimatest.net\\\/?s={search_term_string}\"},\"query-input\":{\"@type\":\"PropertyValueSpecification\",\"valueRequired\":true,\"valueName\":\"search_term_string\"}}],\"inLanguage\":\"en-GB\"},{\"@type\":\"Organization\",\"@id\":\"https:\\\/\\\/mimatest.net\\\/#organization\",\"name\":\"Mimatest\u00ae\",\"url\":\"https:\\\/\\\/mimatest.net\\\/\",\"logo\":{\"@type\":\"ImageObject\",\"inLanguage\":\"en-GB\",\"@id\":\"https:\\\/\\\/mimatest.net\\\/#\\\/schema\\\/logo\\\/image\\\/\",\"url\":\"https:\\\/\\\/mimatest.net\\\/wp-content\\\/uploads\\\/2023\\\/10\\\/mimatest_logo.svg\",\"contentUrl\":\"https:\\\/\\\/mimatest.net\\\/wp-content\\\/uploads\\\/2023\\\/10\\\/mimatest_logo.svg\",\"width\":670,\"height\":117,\"caption\":\"Mimatest\u00ae\"},\"image\":{\"@id\":\"https:\\\/\\\/mimatest.net\\\/#\\\/schema\\\/logo\\\/image\\\/\"}}]}<\/script>\n<!-- \/ Yoast SEO plugin. -->","yoast_head_json":{"title":"Impressum - Mimatest\u00ae","robots":{"index":"index","follow":"follow","max-snippet":"max-snippet:-1","max-image-preview":"max-image-preview:large","max-video-preview":"max-video-preview:-1"},"canonical":"https:\/\/mimatest.net\/en\/impressum\/","og_locale":"en_GB","og_type":"article","og_title":"Impressum - Mimatest\u00ae","og_description":"Impressum Angaben gem\u00e4\u00df \u00a7 5 TMG (Telemediengesetz) Mimatest GmbHNestleinsberggasse 5091550 Dinkelsb\u00fchlDeutschland Vertreten durch:Herr Paul M. W\u00f6tzel KontaktTelefon: +49 (0) 172 [&hellip;]","og_url":"https:\/\/mimatest.net\/en\/impressum\/","og_site_name":"Mimatest\u00ae","article_modified_time":"2026-02-09T11:26:40+00:00","twitter_card":"summary_large_image","twitter_misc":{"Estimated reading time":"2 minutes"},"schema":{"@context":"https:\/\/schema.org","@graph":[{"@type":"WebPage","@id":"https:\/\/mimatest.net\/impressum\/","url":"https:\/\/mimatest.net\/impressum\/","name":"Impressum - Mimatest\u00ae","isPartOf":{"@id":"https:\/\/mimatest.net\/#website"},"datePublished":"2023-10-19T17:56:41+00:00","dateModified":"2026-02-09T11:26:40+00:00","breadcrumb":{"@id":"https:\/\/mimatest.net\/impressum\/#breadcrumb"},"inLanguage":"en-GB","potentialAction":[{"@type":"ReadAction","target":["https:\/\/mimatest.net\/impressum\/"]}]},{"@type":"BreadcrumbList","@id":"https:\/\/mimatest.net\/impressum\/#breadcrumb","itemListElement":[{"@type":"ListItem","position":1,"name":"Home","item":"https:\/\/mimatest.net\/"},{"@type":"ListItem","position":2,"name":"Impressum"}]},{"@type":"WebSite","@id":"https:\/\/mimatest.net\/#website","url":"https:\/\/mimatest.net\/","name":"Mimatest\u00ae","description":"Minimalinvasiver Trockenbluttest zur Analyse der Mikrobiota des D\u00fcnndarms","publisher":{"@id":"https:\/\/mimatest.net\/#organization"},"potentialAction":[{"@type":"SearchAction","target":{"@type":"EntryPoint","urlTemplate":"https:\/\/mimatest.net\/?s={search_term_string}"},"query-input":{"@type":"PropertyValueSpecification","valueRequired":true,"valueName":"search_term_string"}}],"inLanguage":"en-GB"},{"@type":"Organization","@id":"https:\/\/mimatest.net\/#organization","name":"Mimatest\u00ae","url":"https:\/\/mimatest.net\/","logo":{"@type":"ImageObject","inLanguage":"en-GB","@id":"https:\/\/mimatest.net\/#\/schema\/logo\/image\/","url":"https:\/\/mimatest.net\/wp-content\/uploads\/2023\/10\/mimatest_logo.svg","contentUrl":"https:\/\/mimatest.net\/wp-content\/uploads\/2023\/10\/mimatest_logo.svg","width":670,"height":117,"caption":"Mimatest\u00ae"},"image":{"@id":"https:\/\/mimatest.net\/#\/schema\/logo\/image\/"}}]}},"_links":{"self":[{"href":"https:\/\/mimatest.net\/en\/wp-json\/wp\/v2\/pages\/1480","targetHints":{"allow":["GET"]}}],"collection":[{"href":"https:\/\/mimatest.net\/en\/wp-json\/wp\/v2\/pages"}],"about":[{"href":"https:\/\/mimatest.net\/en\/wp-json\/wp\/v2\/types\/page"}],"author":[{"embeddable":true,"href":"https:\/\/mimatest.net\/en\/wp-json\/wp\/v2\/users\/1"}],"replies":[{"embeddable":true,"href":"https:\/\/mimatest.net\/en\/wp-json\/wp\/v2\/comments?post=1480"}],"version-history":[{"count":55,"href":"https:\/\/mimatest.net\/en\/wp-json\/wp\/v2\/pages\/1480\/revisions"}],"predecessor-version":[{"id":3408,"href":"https:\/\/mimatest.net\/en\/wp-json\/wp\/v2\/pages\/1480\/revisions\/3408"}],"wp:attachment":[{"href":"https:\/\/mimatest.net\/en\/wp-json\/wp\/v2\/media?parent=1480"}],"curies":[{"name":"wp","href":"https:\/\/api.w.org\/{rel}","templated":true}]}}